{"id":2180,"date":"2021-05-19T10:38:18","date_gmt":"2021-05-19T08:38:18","guid":{"rendered":"https:\/\/bergchalets.com\/val-passiria\/primavera-estate\/"},"modified":"2023-11-13T11:34:33","modified_gmt":"2023-11-13T10:34:33","slug":"primavera-estate","status":"publish","type":"page","link":"https:\/\/bergchalets.com\/it\/val-passiria\/primavera-estate\/","title":{"rendered":"Primavera &amp; Estate"},"content":{"rendered":"[vc_row type=&#8221;full_width_background&#8221; full_screen_row_position=&#8221;middle&#8221; column_margin=&#8221;default&#8221; column_direction=&#8221;default&#8221; column_direction_tablet=&#8221;default&#8221; column_direction_phone=&#8221;default&#8221; bg_image=&#8221;878&#8243; bg_position=&#8221;center center&#8221; background_image_loading=&#8221;default&#8221; bg_repeat=&#8221;no-repeat&#8221; full_height=&#8221;yes&#8221; scene_position=&#8221;center&#8221; top_padding=&#8221;2%&#8221; text_color=&#8221;light&#8221; text_align=&#8221;left&#8221; row_border_radius=&#8221;none&#8221; row_border_radius_applies=&#8221;bg&#8221; overflow=&#8221;visible&#8221; enable_gradient=&#8221;true&#8221; color_overlay=&#8221;#000000&#8243; overlay_strength=&#8221;0.5&#8243; gradient_direction=&#8221;left_to_right&#8221; shape_divider_position=&#8221;bottom&#8221; bg_image_animation=&#8221;zoom-out-slow&#8221; shape_type=&#8221;&#8221;][vc_column column_padding=&#8221;no-extra-padding&#8221; column_padding_tablet=&#8221;inherit&#8221; column_padding_phone=&#8221;inherit&#8221; column_padding_position=&#8221;all&#8221; column_element_direction_desktop=&#8221;default&#8221; column_element_spacing=&#8221;default&#8221; desktop_text_alignment=&#8221;default&#8221; tablet_text_alignment=&#8221;default&#8221; phone_text_alignment=&#8221;default&#8221; background_color_opacity=&#8221;1&#8243; background_hover_color_opacity=&#8221;1&#8243; column_backdrop_filter=&#8221;none&#8221; column_shadow=&#8221;none&#8221; column_border_radius=&#8221;none&#8221; column_link_target=&#8221;_self&#8221; column_position=&#8221;default&#8221; gradient_direction=&#8221;left_to_right&#8221; overlay_strength=&#8221;0.3&#8243; width=&#8221;2\/3&#8243; tablet_width_inherit=&#8221;default&#8221; animation_type=&#8221;default&#8221; bg_image_animation=&#8221;none&#8221; border_type=&#8221;simple&#8221; column_border_width=&#8221;none&#8221; column_border_style=&#8221;solid&#8221;][vc_row_inner column_margin=&#8221;default&#8221; column_direction=&#8221;default&#8221; column_direction_tablet=&#8221;default&#8221; column_direction_phone=&#8221;default&#8221; text_align=&#8221;left&#8221; row_position=&#8221;default&#8221; row_position_tablet=&#8221;inherit&#8221; row_position_phone=&#8221;inherit&#8221; overflow=&#8221;visible&#8221; pointer_events=&#8221;all&#8221;][vc_column_inner column_padding=&#8221;no-extra-padding&#8221; column_padding_tablet=&#8221;inherit&#8221; column_padding_phone=&#8221;inherit&#8221; column_padding_position=&#8221;all&#8221; column_element_direction_desktop=&#8221;default&#8221; column_element_spacing=&#8221;default&#8221; desktop_text_alignment=&#8221;default&#8221; tablet_text_alignment=&#8221;default&#8221; phone_text_alignment=&#8221;default&#8221; background_color_opacity=&#8221;1&#8243; background_hover_color_opacity=&#8221;1&#8243; column_backdrop_filter=&#8221;none&#8221; column_shadow=&#8221;none&#8221; column_border_radius=&#8221;none&#8221; column_link_target=&#8221;_self&#8221; overflow=&#8221;visible&#8221; gradient_direction=&#8221;left_to_right&#8221; overlay_strength=&#8221;0.3&#8243; width=&#8221;1\/1&#8243; tablet_width_inherit=&#8221;default&#8221; animation_type=&#8221;default&#8221; enable_animation=&#8221;true&#8221; animation=&#8221;fade-in-from-bottom&#8221; animation_easing=&#8221;default&#8221; bg_image_animation=&#8221;none&#8221; border_type=&#8221;simple&#8221; column_border_width=&#8221;none&#8221; column_border_style=&#8221;solid&#8221; delay=&#8221;100&#8243;][vc_custom_heading text=&#8221;Primavera &amp; Estate&#8221; font_container=&#8221;tag:h1|font_size:60|text_align:left|color:%23ffffff|line_height:60px&#8221; google_fonts=&#8221;font_family:Allura%3Aregular|font_style:400%20regular%3A400%3Anormal&#8221; css_animation=&#8221;none&#8221; css=&#8221;.vc_custom_1628062107472{margin-bottom: -10px !important;}&#8221;][\/vc_column_inner][\/vc_row_inner][vc_row_inner column_margin=&#8221;default&#8221; column_direction=&#8221;default&#8221; column_direction_tablet=&#8221;default&#8221; column_direction_phone=&#8221;default&#8221; text_align=&#8221;left&#8221; row_position=&#8221;default&#8221; row_position_tablet=&#8221;inherit&#8221; row_position_phone=&#8221;inherit&#8221; overflow=&#8221;visible&#8221; pointer_events=&#8221;all&#8221;][vc_column_inner column_padding=&#8221;no-extra-padding&#8221; column_padding_tablet=&#8221;inherit&#8221; column_padding_phone=&#8221;inherit&#8221; column_padding_position=&#8221;all&#8221; column_element_direction_desktop=&#8221;default&#8221; column_element_spacing=&#8221;default&#8221; desktop_text_alignment=&#8221;default&#8221; tablet_text_alignment=&#8221;default&#8221; phone_text_alignment=&#8221;default&#8221; background_color_opacity=&#8221;1&#8243; background_hover_color_opacity=&#8221;1&#8243; column_backdrop_filter=&#8221;none&#8221; font_color=&#8221;#ffffff&#8221; column_shadow=&#8221;none&#8221; column_border_radius=&#8221;none&#8221; column_link_target=&#8221;_self&#8221; overflow=&#8221;visible&#8221; gradient_direction=&#8221;left_to_right&#8221; overlay_strength=&#8221;0.3&#8243; width=&#8221;1\/1&#8243; tablet_width_inherit=&#8221;default&#8221; animation_type=&#8221;default&#8221; enable_animation=&#8221;true&#8221; animation=&#8221;fade-in-from-bottom&#8221; animation_easing=&#8221;default&#8221; bg_image_animation=&#8221;none&#8221; border_type=&#8221;simple&#8221; column_border_width=&#8221;none&#8221; column_border_style=&#8221;solid&#8221; delay=&#8221;200&#8243;][vc_custom_heading text=&#8221;Sia d\u2019estate, sia d\u2019inverno, la Val Passiria offre un\u2019incredibile variet\u00e0 di sentieri e possibilit\u00e0 di praticare sport e scegliere attivit\u00e0 di intrattenimento a tutti coloro che decidono di trascorrervi le proprie vacanze. In estate come in inverno.&#8221; font_container=&#8221;tag:p|font_size:20|text_align:left|color:%23ffffff|line_height:28px&#8221; google_fonts=&#8221;font_family:Roboto%3A100%2C100italic%2C300%2C300italic%2Cregular%2Citalic%2C500%2C500italic%2C700%2C700italic%2C900%2C900italic|font_style:400%20regular%3A400%3Anormal&#8221; css_animation=&#8221;none&#8221; css=&#8221;.vc_custom_1626255175659{padding-right: 10% !important;}&#8221;][\/vc_column_inner][\/vc_row_inner][vc_row_inner column_margin=&#8221;default&#8221; column_direction=&#8221;default&#8221; column_direction_tablet=&#8221;default&#8221; column_direction_phone=&#8221;default&#8221; text_align=&#8221;left&#8221; row_position=&#8221;default&#8221; row_position_tablet=&#8221;inherit&#8221; row_position_phone=&#8221;inherit&#8221; overflow=&#8221;visible&#8221; pointer_events=&#8221;all&#8221;][vc_column_inner column_padding=&#8221;no-extra-padding&#8221; column_padding_tablet=&#8221;inherit&#8221; column_padding_phone=&#8221;inherit&#8221; column_padding_position=&#8221;all&#8221; column_element_direction_desktop=&#8221;default&#8221; column_element_spacing=&#8221;default&#8221; desktop_text_alignment=&#8221;default&#8221; tablet_text_alignment=&#8221;default&#8221; phone_text_alignment=&#8221;default&#8221; background_color_opacity=&#8221;1&#8243; background_hover_color_opacity=&#8221;1&#8243; column_backdrop_filter=&#8221;none&#8221; column_shadow=&#8221;none&#8221; column_border_radius=&#8221;none&#8221; column_link_target=&#8221;_self&#8221; overflow=&#8221;visible&#8221; gradient_direction=&#8221;left_to_right&#8221; overlay_strength=&#8221;0.3&#8243; width=&#8221;1\/1&#8243; tablet_width_inherit=&#8221;default&#8221; animation_type=&#8221;default&#8221; enable_animation=&#8221;true&#8221; animation=&#8221;grow-in&#8221; animation_easing=&#8221;default&#8221; bg_image_animation=&#8221;none&#8221; border_type=&#8221;simple&#8221; column_border_width=&#8221;none&#8221; column_border_style=&#8221;solid&#8221; delay=&#8221;300&#8243;][nectar_btn size=&#8221;large&#8221; button_style=&#8221;regular-tilt&#8221; button_color=&#8221;Extra-Color-3&#8243; solid_text_color_override=&#8221;#f3f0e9&#8243; icon_family=&#8221;iconsmind&#8221; url=&#8221;https:\/\/bergchalets.com\/it\/val-passiria\/autunno-inverno\/&#8221; text=&#8221;Autunno &amp; Inverno&#8221; icon_iconsmind=&#8221;iconsmind-Triangle-ArrowRight&#8221; margin_top=&#8221;30&#8243;][\/vc_column_inner][\/vc_row_inner][\/vc_column][vc_column column_padding=&#8221;no-extra-padding&#8221; column_padding_tablet=&#8221;inherit&#8221; column_padding_phone=&#8221;inherit&#8221; column_padding_position=&#8221;all&#8221; column_element_direction_desktop=&#8221;default&#8221; column_element_spacing=&#8221;default&#8221; desktop_text_alignment=&#8221;default&#8221; tablet_text_alignment=&#8221;default&#8221; phone_text_alignment=&#8221;default&#8221; background_color_opacity=&#8221;1&#8243; background_hover_color_opacity=&#8221;1&#8243; column_backdrop_filter=&#8221;none&#8221; column_shadow=&#8221;none&#8221; column_border_radius=&#8221;none&#8221; column_link_target=&#8221;_self&#8221; column_position=&#8221;default&#8221; gradient_direction=&#8221;left_to_right&#8221; overlay_strength=&#8221;0.3&#8243; width=&#8221;1\/3&#8243; tablet_width_inherit=&#8221;default&#8221; animation_type=&#8221;default&#8221; bg_image_animation=&#8221;none&#8221; border_type=&#8221;simple&#8221; column_border_width=&#8221;none&#8221; column_border_style=&#8221;solid&#8221;][\/vc_column][\/vc_row][vc_row type=&#8221;in_container&#8221; full_screen_row_position=&#8221;middle&#8221; column_margin=&#8221;default&#8221; column_direction=&#8221;default&#8221; column_direction_tablet=&#8221;default&#8221; column_direction_phone=&#8221;default&#8221; scene_position=&#8221;center&#8221; top_padding=&#8221;5%&#8221; bottom_padding=&#8221;3%&#8221; text_color=&#8221;dark&#8221; text_align=&#8221;left&#8221; row_border_radius=&#8221;none&#8221; row_border_radius_applies=&#8221;bg&#8221; overflow=&#8221;visible&#8221; overlay_strength=&#8221;0.3&#8243; gradient_direction=&#8221;left_to_right&#8221; shape_divider_position=&#8221;bottom&#8221; bg_image_animation=&#8221;none&#8221; shape_type=&#8221;&#8221;][vc_column column_padding=&#8221;no-extra-padding&#8221; column_padding_tablet=&#8221;inherit&#8221; column_padding_phone=&#8221;inherit&#8221; column_padding_position=&#8221;all&#8221; column_element_direction_desktop=&#8221;default&#8221; column_element_spacing=&#8221;default&#8221; desktop_text_alignment=&#8221;default&#8221; tablet_text_alignment=&#8221;default&#8221; phone_text_alignment=&#8221;default&#8221; background_color_opacity=&#8221;1&#8243; background_hover_color_opacity=&#8221;1&#8243; column_backdrop_filter=&#8221;none&#8221; column_shadow=&#8221;none&#8221; column_border_radius=&#8221;none&#8221; column_link_target=&#8221;_self&#8221; column_position=&#8221;default&#8221; gradient_direction=&#8221;left_to_right&#8221; overlay_strength=&#8221;0.3&#8243; width=&#8221;5\/6&#8243; tablet_width_inherit=&#8221;default&#8221; animation_type=&#8221;default&#8221; bg_image_animation=&#8221;none&#8221; border_type=&#8221;simple&#8221; column_border_width=&#8221;none&#8221; column_border_style=&#8221;solid&#8221;][vc_custom_heading text=&#8221;Primavera &amp; Estate&#8221; font_container=&#8221;tag:h1|text_align:left|color:%23554b40&#8243; use_theme_fonts=&#8221;yes&#8221;][vc_custom_heading text=&#8221;Vacanze attive in Val Passiria in Alto Adige&#8221; font_container=&#8221;tag:h2|text_align:left|color:%23c3b593&#8243; use_theme_fonts=&#8221;yes&#8221;][vc_column_text css=&#8221;.vc_custom_1699871616902{padding-top: 4% !important;}&#8221;]In <a href=\"https:\/\/it.wikipedia.org\/wiki\/Val_Passiria\">Val Passiria<\/a>, dove convergono le Alpi Venoste, le Alpi dello Stubai e le Alpi Sarentine, ci si pu\u00f2 incamminare su una miriade di sentieri, partendo direttamente dallo chalet. Tra questi ci sono passeggiate semplici, ma anche gite spettacolari e impegnative che conducono a oltre 3.000 metri di altitudine.[\/vc_column_text][\/vc_column][vc_column column_padding=&#8221;no-extra-padding&#8221; column_padding_tablet=&#8221;inherit&#8221; column_padding_phone=&#8221;inherit&#8221; column_padding_position=&#8221;all&#8221; column_element_direction_desktop=&#8221;default&#8221; column_element_spacing=&#8221;default&#8221; desktop_text_alignment=&#8221;default&#8221; tablet_text_alignment=&#8221;default&#8221; phone_text_alignment=&#8221;default&#8221; background_color_opacity=&#8221;1&#8243; background_hover_color_opacity=&#8221;1&#8243; column_backdrop_filter=&#8221;none&#8221; column_shadow=&#8221;none&#8221; column_border_radius=&#8221;none&#8221; column_link_target=&#8221;_self&#8221; column_position=&#8221;default&#8221; gradient_direction=&#8221;left_to_right&#8221; overlay_strength=&#8221;0.3&#8243; width=&#8221;1\/6&#8243; tablet_width_inherit=&#8221;default&#8221; animation_type=&#8221;default&#8221; bg_image_animation=&#8221;none&#8221; border_type=&#8221;simple&#8221; column_border_width=&#8221;none&#8221; column_border_style=&#8221;solid&#8221;][\/vc_column][\/vc_row][vc_row type=&#8221;in_container&#8221; full_screen_row_position=&#8221;middle&#8221; column_margin=&#8221;default&#8221; column_direction=&#8221;default&#8221; column_direction_tablet=&#8221;default&#8221; column_direction_phone=&#8221;default&#8221; scene_position=&#8221;center&#8221; text_color=&#8221;dark&#8221; text_align=&#8221;left&#8221; row_border_radius=&#8221;none&#8221; row_border_radius_applies=&#8221;bg&#8221; overflow=&#8221;visible&#8221; overlay_strength=&#8221;0.3&#8243; gradient_direction=&#8221;left_to_right&#8221; shape_divider_position=&#8221;bottom&#8221; bg_image_animation=&#8221;none&#8221; shape_type=&#8221;&#8221;][vc_column column_padding=&#8221;no-extra-padding&#8221; column_padding_tablet=&#8221;inherit&#8221; column_padding_phone=&#8221;inherit&#8221; column_padding_position=&#8221;all&#8221; column_element_direction_desktop=&#8221;default&#8221; column_element_spacing=&#8221;default&#8221; desktop_text_alignment=&#8221;default&#8221; tablet_text_alignment=&#8221;default&#8221; phone_text_alignment=&#8221;default&#8221; background_color_opacity=&#8221;1&#8243; background_hover_color_opacity=&#8221;1&#8243; column_backdrop_filter=&#8221;none&#8221; column_shadow=&#8221;none&#8221; column_border_radius=&#8221;none&#8221; column_link_target=&#8221;_self&#8221; column_position=&#8221;default&#8221; gradient_direction=&#8221;left_to_right&#8221; overlay_strength=&#8221;0.3&#8243; width=&#8221;1\/1&#8243; tablet_width_inherit=&#8221;default&#8221; animation_type=&#8221;default&#8221; bg_image_animation=&#8221;none&#8221; border_type=&#8221;simple&#8221; column_border_width=&#8221;none&#8221; column_border_style=&#8221;solid&#8221;][vc_gallery type=&#8221;image_grid&#8221; images=&#8221;840,839,838,834,852,841,850,849,837,836,843,844,833,853,851,835,846,845,848,847,832&#8243; image_grid_loading=&#8221;default&#8221; display_title_caption=&#8221;true&#8221; layout=&#8221;3&#8243; item_spacing=&#8221;default&#8221; gallery_style=&#8221;7&#8243; load_in_animation=&#8221;none&#8221;][\/vc_column][\/vc_row][vc_row type=&#8221;in_container&#8221; full_screen_row_position=&#8221;middle&#8221; column_margin=&#8221;default&#8221; column_direction=&#8221;default&#8221; column_direction_tablet=&#8221;default&#8221; column_direction_phone=&#8221;default&#8221; scene_position=&#8221;center&#8221; text_color=&#8221;dark&#8221; text_align=&#8221;left&#8221; row_border_radius=&#8221;none&#8221; row_border_radius_applies=&#8221;bg&#8221; overflow=&#8221;visible&#8221; overlay_strength=&#8221;0.3&#8243; gradient_direction=&#8221;left_to_right&#8221; shape_divider_position=&#8221;bottom&#8221; bg_image_animation=&#8221;none&#8221;][vc_column column_padding=&#8221;no-extra-padding&#8221; column_padding_tablet=&#8221;inherit&#8221; column_padding_phone=&#8221;inherit&#8221; column_padding_position=&#8221;all&#8221; column_element_direction_desktop=&#8221;default&#8221; column_element_spacing=&#8221;default&#8221; desktop_text_alignment=&#8221;default&#8221; tablet_text_alignment=&#8221;default&#8221; phone_text_alignment=&#8221;default&#8221; background_color_opacity=&#8221;1&#8243; background_hover_color_opacity=&#8221;1&#8243; column_backdrop_filter=&#8221;none&#8221; column_shadow=&#8221;none&#8221; column_border_radius=&#8221;none&#8221; column_link_target=&#8221;_self&#8221; column_position=&#8221;default&#8221; gradient_direction=&#8221;left_to_right&#8221; overlay_strength=&#8221;0.3&#8243; width=&#8221;1\/1&#8243; tablet_width_inherit=&#8221;default&#8221; animation_type=&#8221;default&#8221; bg_image_animation=&#8221;none&#8221; border_type=&#8221;simple&#8221; column_border_width=&#8221;none&#8221; column_border_style=&#8221;solid&#8221;][divider line_type=&#8221;No Line&#8221; custom_height=&#8221;50&#8243;][\/vc_column][\/vc_row]\n","protected":false},"excerpt":{"rendered":"<p>[vc_row type=&#8221;full_width_background&#8221; full_screen_row_position=&#8221;middle&#8221; column_margin=&#8221;default&#8221; column_direction=&#8221;default&#8221; column_direction_tablet=&#8221;default&#8221; column_direction_phone=&#8221;default&#8221; bg_image=&#8221;878&#8243; bg_position=&#8221;center center&#8221; background_image_loading=&#8221;default&#8221; bg_repeat=&#8221;no-repeat&#8221; full_height=&#8221;yes&#8221; scene_position=&#8221;center&#8221; top_padding=&#8221;2%&#8221; text_color=&#8221;light&#8221; text_align=&#8221;left&#8221; row_border_radius=&#8221;none&#8221; row_border_radius_applies=&#8221;bg&#8221; overflow=&#8221;visible&#8221; enable_gradient=&#8221;true&#8221; color_overlay=&#8221;#000000&#8243; overlay_strength=&#8221;0.5&#8243; gradient_direction=&#8221;left_to_right&#8221; shape_divider_position=&#8221;bottom&#8221; bg_image_animation=&#8221;zoom-out-slow&#8221; shape_type=&#8221;&#8221;][vc_column column_padding=&#8221;no-extra-padding&#8221; column_padding_tablet=&#8221;inherit&#8221; column_padding_phone=&#8221;inherit&#8221;&#8230;<\/p>\n","protected":false},"author":2,"featured_media":0,"parent":2177,"menu_order":20,"comment_status":"closed","ping_status":"closed","template":"","meta":{"footnotes":""},"class_list":["post-2180","page","type-page","status-publish"],"yoast_head":"<!-- This site is optimized with the Yoast SEO plugin v26.9 - https:\/\/yoast.com\/product\/yoast-seo-wordpress\/ -->\n<title>Primavera &amp; Estate | Unterweger Bergchalets<\/title>\n<meta name=\"description\" content=\"Primavera &amp; Estate - La Val Passiria regala sentieri, sport e intrattenimento per vacanze indimenticabili, sia in estate che in inverno.\" \/>\n<meta name=\"robots\" content=\"index, follow, max-snippet:-1, max-image-preview:large, max-video-preview:-1\" \/>\n<link rel=\"canonical\" href=\"https:\/\/bergchalets.com\/it\/val-passiria\/primavera-estate\/\" \/>\n<meta property=\"og:locale\" content=\"it_IT\" \/>\n<meta property=\"og:type\" content=\"article\" \/>\n<meta property=\"og:title\" content=\"Primavera &amp; Estate | Unterweger Bergchalets\" \/>\n<meta property=\"og:description\" content=\"Primavera &amp; Estate - La Val Passiria regala sentieri, sport e intrattenimento per vacanze indimenticabili, sia in estate che in inverno.\" \/>\n<meta property=\"og:url\" content=\"https:\/\/bergchalets.com\/it\/val-passiria\/primavera-estate\/\" \/>\n<meta property=\"og:site_name\" content=\"Unterweger Bergchalets\" \/>\n<meta property=\"article:publisher\" content=\"https:\/\/www.facebook.com\/bergchaletunterweger\" \/>\n<meta property=\"article:modified_time\" content=\"2023-11-13T10:34:33+00:00\" \/>\n<meta property=\"og:image\" content=\"https:\/\/bergchalets.com\/wordpress\/wp-content\/uploads\/2023\/02\/Berglodge-Enzian-03.jpg\" \/>\n\t<meta property=\"og:image:width\" content=\"1920\" \/>\n\t<meta property=\"og:image:height\" content=\"1280\" \/>\n\t<meta property=\"og:image:type\" content=\"image\/jpeg\" \/>\n<meta name=\"twitter:card\" content=\"summary_large_image\" \/>\n<meta name=\"twitter:label1\" content=\"Est. reading time\" \/>\n\t<meta name=\"twitter:data1\" content=\"3 minutes\" \/>\n<script type=\"application\/ld+json\" class=\"yoast-schema-graph\">{\"@context\":\"https:\/\/schema.org\",\"@graph\":[{\"@type\":\"WebPage\",\"@id\":\"https:\/\/bergchalets.com\/it\/val-passiria\/primavera-estate\/\",\"url\":\"https:\/\/bergchalets.com\/it\/val-passiria\/primavera-estate\/\",\"name\":\"Primavera &amp; Estate | Unterweger Bergchalets\",\"isPartOf\":{\"@id\":\"https:\/\/bergchalets.com\/#website\"},\"datePublished\":\"2021-05-19T08:38:18+00:00\",\"dateModified\":\"2023-11-13T10:34:33+00:00\",\"description\":\"Primavera & Estate - La Val Passiria regala sentieri, sport e intrattenimento per vacanze indimenticabili, sia in estate che in inverno.\",\"breadcrumb\":{\"@id\":\"https:\/\/bergchalets.com\/it\/val-passiria\/primavera-estate\/#breadcrumb\"},\"inLanguage\":\"it-IT\",\"potentialAction\":[{\"@type\":\"ReadAction\",\"target\":[\"https:\/\/bergchalets.com\/it\/val-passiria\/primavera-estate\/\"]}]},{\"@type\":\"BreadcrumbList\",\"@id\":\"https:\/\/bergchalets.com\/it\/val-passiria\/primavera-estate\/#breadcrumb\",\"itemListElement\":[{\"@type\":\"ListItem\",\"position\":1,\"name\":\"Startseite\",\"item\":\"https:\/\/bergchalets.com\/it\/\"},{\"@type\":\"ListItem\",\"position\":2,\"name\":\"Val Passiria\",\"item\":\"https:\/\/bergchalets.com\/it\/val-passiria\/\"},{\"@type\":\"ListItem\",\"position\":3,\"name\":\"Primavera &amp; Estate\"}]},{\"@type\":\"WebSite\",\"@id\":\"https:\/\/bergchalets.com\/#website\",\"url\":\"https:\/\/bergchalets.com\/\",\"name\":\"Unterweger Bergchalets\",\"description\":\"Gem\u00fctlich und luxuri\u00f6s. Urlaub im Passeiertal.\",\"publisher\":{\"@id\":\"https:\/\/bergchalets.com\/#organization\"},\"potentialAction\":[{\"@type\":\"SearchAction\",\"target\":{\"@type\":\"EntryPoint\",\"urlTemplate\":\"https:\/\/bergchalets.com\/?s={search_term_string}\"},\"query-input\":{\"@type\":\"PropertyValueSpecification\",\"valueRequired\":true,\"valueName\":\"search_term_string\"}}],\"inLanguage\":\"it-IT\"},{\"@type\":\"Organization\",\"@id\":\"https:\/\/bergchalets.com\/#organization\",\"name\":\"Unterweger Bergchalets\",\"url\":\"https:\/\/bergchalets.com\/\",\"logo\":{\"@type\":\"ImageObject\",\"inLanguage\":\"it-IT\",\"@id\":\"https:\/\/bergchalets.com\/#\/schema\/logo\/image\/\",\"url\":\"https:\/\/bergchalets.com\/wordpress\/wp-content\/uploads\/2021\/08\/Bergchalet-Unterweger-Logo-2x.png\",\"contentUrl\":\"https:\/\/bergchalets.com\/wordpress\/wp-content\/uploads\/2021\/08\/Bergchalet-Unterweger-Logo-2x.png\",\"width\":800,\"height\":570,\"caption\":\"Unterweger Bergchalets\"},\"image\":{\"@id\":\"https:\/\/bergchalets.com\/#\/schema\/logo\/image\/\"},\"sameAs\":[\"https:\/\/www.facebook.com\/bergchaletunterweger\"]}]}<\/script>\n<!-- \/ Yoast SEO plugin. -->","yoast_head_json":{"title":"Primavera &amp; Estate | Unterweger Bergchalets","description":"Primavera & Estate - La Val Passiria regala sentieri, sport e intrattenimento per vacanze indimenticabili, sia in estate che in inverno.","robots":{"index":"index","follow":"follow","max-snippet":"max-snippet:-1","max-image-preview":"max-image-preview:large","max-video-preview":"max-video-preview:-1"},"canonical":"https:\/\/bergchalets.com\/it\/val-passiria\/primavera-estate\/","og_locale":"it_IT","og_type":"article","og_title":"Primavera &amp; Estate | Unterweger Bergchalets","og_description":"Primavera & Estate - La Val Passiria regala sentieri, sport e intrattenimento per vacanze indimenticabili, sia in estate che in inverno.","og_url":"https:\/\/bergchalets.com\/it\/val-passiria\/primavera-estate\/","og_site_name":"Unterweger Bergchalets","article_publisher":"https:\/\/www.facebook.com\/bergchaletunterweger","article_modified_time":"2023-11-13T10:34:33+00:00","og_image":[{"width":1920,"height":1280,"url":"https:\/\/bergchalets.com\/wordpress\/wp-content\/uploads\/2023\/02\/Berglodge-Enzian-03.jpg","type":"image\/jpeg"}],"twitter_card":"summary_large_image","twitter_misc":{"Est. reading time":"3 minutes"},"schema":{"@context":"https:\/\/schema.org","@graph":[{"@type":"WebPage","@id":"https:\/\/bergchalets.com\/it\/val-passiria\/primavera-estate\/","url":"https:\/\/bergchalets.com\/it\/val-passiria\/primavera-estate\/","name":"Primavera &amp; Estate | Unterweger Bergchalets","isPartOf":{"@id":"https:\/\/bergchalets.com\/#website"},"datePublished":"2021-05-19T08:38:18+00:00","dateModified":"2023-11-13T10:34:33+00:00","description":"Primavera & Estate - La Val Passiria regala sentieri, sport e intrattenimento per vacanze indimenticabili, sia in estate che in inverno.","breadcrumb":{"@id":"https:\/\/bergchalets.com\/it\/val-passiria\/primavera-estate\/#breadcrumb"},"inLanguage":"it-IT","potentialAction":[{"@type":"ReadAction","target":["https:\/\/bergchalets.com\/it\/val-passiria\/primavera-estate\/"]}]},{"@type":"BreadcrumbList","@id":"https:\/\/bergchalets.com\/it\/val-passiria\/primavera-estate\/#breadcrumb","itemListElement":[{"@type":"ListItem","position":1,"name":"Startseite","item":"https:\/\/bergchalets.com\/it\/"},{"@type":"ListItem","position":2,"name":"Val Passiria","item":"https:\/\/bergchalets.com\/it\/val-passiria\/"},{"@type":"ListItem","position":3,"name":"Primavera &amp; Estate"}]},{"@type":"WebSite","@id":"https:\/\/bergchalets.com\/#website","url":"https:\/\/bergchalets.com\/","name":"Unterweger Bergchalets","description":"Gem\u00fctlich und luxuri\u00f6s. Urlaub im Passeiertal.","publisher":{"@id":"https:\/\/bergchalets.com\/#organization"},"potentialAction":[{"@type":"SearchAction","target":{"@type":"EntryPoint","urlTemplate":"https:\/\/bergchalets.com\/?s={search_term_string}"},"query-input":{"@type":"PropertyValueSpecification","valueRequired":true,"valueName":"search_term_string"}}],"inLanguage":"it-IT"},{"@type":"Organization","@id":"https:\/\/bergchalets.com\/#organization","name":"Unterweger Bergchalets","url":"https:\/\/bergchalets.com\/","logo":{"@type":"ImageObject","inLanguage":"it-IT","@id":"https:\/\/bergchalets.com\/#\/schema\/logo\/image\/","url":"https:\/\/bergchalets.com\/wordpress\/wp-content\/uploads\/2021\/08\/Bergchalet-Unterweger-Logo-2x.png","contentUrl":"https:\/\/bergchalets.com\/wordpress\/wp-content\/uploads\/2021\/08\/Bergchalet-Unterweger-Logo-2x.png","width":800,"height":570,"caption":"Unterweger Bergchalets"},"image":{"@id":"https:\/\/bergchalets.com\/#\/schema\/logo\/image\/"},"sameAs":["https:\/\/www.facebook.com\/bergchaletunterweger"]}]}},"_links":{"self":[{"href":"https:\/\/bergchalets.com\/it\/wp-json\/wp\/v2\/pages\/2180","targetHints":{"allow":["GET"]}}],"collection":[{"href":"https:\/\/bergchalets.com\/it\/wp-json\/wp\/v2\/pages"}],"about":[{"href":"https:\/\/bergchalets.com\/it\/wp-json\/wp\/v2\/types\/page"}],"author":[{"embeddable":true,"href":"https:\/\/bergchalets.com\/it\/wp-json\/wp\/v2\/users\/2"}],"replies":[{"embeddable":true,"href":"https:\/\/bergchalets.com\/it\/wp-json\/wp\/v2\/comments?post=2180"}],"version-history":[{"count":2,"href":"https:\/\/bergchalets.com\/it\/wp-json\/wp\/v2\/pages\/2180\/revisions"}],"predecessor-version":[{"id":2400,"href":"https:\/\/bergchalets.com\/it\/wp-json\/wp\/v2\/pages\/2180\/revisions\/2400"}],"up":[{"embeddable":true,"href":"https:\/\/bergchalets.com\/it\/wp-json\/wp\/v2\/pages\/2177"}],"wp:attachment":[{"href":"https:\/\/bergchalets.com\/it\/wp-json\/wp\/v2\/media?parent=2180"}],"curies":[{"name":"wp","href":"https:\/\/api.w.org\/{rel}","templated":true}]}}