{"id":2324,"date":"2021-01-21T08:09:25","date_gmt":"2021-01-21T07:09:25","guid":{"rendered":"https:\/\/bergchalets.com\/privacy\/"},"modified":"2023-10-19T09:21:00","modified_gmt":"2023-10-19T07:21:00","slug":"privacy","status":"publish","type":"page","link":"https:\/\/bergchalets.com\/it\/privacy\/","title":{"rendered":"Privacy"},"content":{"rendered":"[vc_row type=&#8221;in_container&#8221; full_screen_row_position=&#8221;middle&#8221; column_margin=&#8221;default&#8221; column_direction=&#8221;default&#8221; column_direction_tablet=&#8221;default&#8221; column_direction_phone=&#8221;default&#8221; scene_position=&#8221;center&#8221; top_padding=&#8221;3%&#8221; bottom_padding=&#8221;3%&#8221; text_color=&#8221;dark&#8221; text_align=&#8221;left&#8221; row_border_radius=&#8221;none&#8221; row_border_radius_applies=&#8221;bg&#8221; overflow=&#8221;visible&#8221; overlay_strength=&#8221;0.3&#8243; gradient_direction=&#8221;left_to_right&#8221; shape_divider_position=&#8221;bottom&#8221; bg_image_animation=&#8221;none&#8221; gradient_type=&#8221;default&#8221; shape_type=&#8221;&#8221;][vc_column column_padding=&#8221;no-extra-padding&#8221; column_padding_tablet=&#8221;inherit&#8221; column_padding_phone=&#8221;inherit&#8221; column_padding_position=&#8221;all&#8221; column_element_direction_desktop=&#8221;default&#8221; column_element_spacing=&#8221;default&#8221; desktop_text_alignment=&#8221;default&#8221; tablet_text_alignment=&#8221;default&#8221; phone_text_alignment=&#8221;default&#8221; background_color_opacity=&#8221;1&#8243; background_hover_color_opacity=&#8221;1&#8243; column_backdrop_filter=&#8221;none&#8221; column_shadow=&#8221;none&#8221; column_border_radius=&#8221;none&#8221; column_link_target=&#8221;_self&#8221; column_position=&#8221;default&#8221; gradient_direction=&#8221;left_to_right&#8221; overlay_strength=&#8221;0.3&#8243; width=&#8221;1\/1&#8243; tablet_width_inherit=&#8221;default&#8221; animation_type=&#8221;default&#8221; bg_image_animation=&#8221;none&#8221; border_type=&#8221;simple&#8221; column_border_width=&#8221;none&#8221; column_border_style=&#8221;solid&#8221;][vc_column_text]\n<h1>Dichiarazione sulla protezioni dei dati personali<\/h1>\n[divider line_type=&#8221;no-line&#8221; custom_height=&#8221;30&#8243;]\n<h3>Privacy<\/h3>\n<p><strong>Adempimento dei requisiti legali di informazione secondo il Regolamento europeo sulla protezione dei dati (DSGVO).<\/strong><\/p>\n<p>La presente dichiarazione si applica a tutti i nostri ospiti e visitatori del nostro sito web. Con la presente vi informiamo sul tipo, l&#8217;ambito e lo scopo della raccolta e dell&#8217;utilizzo dei vostri dati personali.<\/p>\n<p>Il responsabile del trattamento dei dati \u00e8:<\/p>\n<p><strong>I chalet di montagna Unterweger<\/strong><br \/>\nHans Raich<br \/>\nVia Christler 4a<br \/>\nS. Martino in Passiria<br \/>\nT +39 349 590 7980<br \/>\n<a href=\"mailto:info@bergchalets.com\">info@bergchalets.com<\/a><\/p>\n<p>Part. IVA 02626250217<br \/>\nCodice fiscale RCHHNS76D13F132T<\/p>\n<p><strong>Ai sensi dell&#8217;art. 13 del Regolamento europeo sulla protezione dei dati, trattiamo i seguenti dati:<\/strong><\/p>\n<ul>\n<li>I vostri dati anagrafici (nome, cognome, indirizzo, telefono, e-mail, data di nascita, luogo di nascita, lingua, ecc.)<\/li>\n<li>i Suoi dati nei documenti di viaggio e nelle carte d&#8217;identit\u00e0<\/li>\n<li>i Suoi dati relativi a pagamenti, carte EC, carte di credito e carte bancarie<\/li>\n<li>la durata del soggiorno da voi richiesta e le eventuali preferenze personali relative al vostro soggiorno che ci comunicherete.<\/li>\n<\/ul>\n<p>I dati saranno conservati ed elaborati da noi allo scopo di fornire i nostri servizi e, se necessario e richiesto dalla legge, trasmessi a terzi destinatari (ad esempio autorit\u00e0 pubbliche, associazioni turistiche). I vostri dati non saranno trasferiti in paesi terzi.<br \/>\nSe vi rifiutate di comunicare i dati anagrafici, i dati dei documenti di viaggio e i dati bancari, non sar\u00e0 possibile per noi adempiere ai nostri obblighi contrattuali e ospitarvi nella nostra struttura. Non utilizziamo profilazione e decisioni automatizzate.<\/p>\n<p><strong>Le basi giuridiche per queste operazioni di trattamento dei dati sono:<\/strong><\/p>\n<ul>\n<li>l&#8217;adempimento dei nostri obblighi precontrattuali e contrattuali nei vostri confronti<\/li>\n<li>i consensi da voi ottenuti<\/li>\n<li>obblighi legali, contrattuali o di altra natura da parte nostra (ad esempio, diritti e obblighi di documentazione in base a leggi contabili, fiscali e doganali, contratti, relazioni o controversie legali)<\/li>\n<li>i nostri interessi legittimi (ad esempio, migliorare il nostro servizio clienti, anche nel settore della pubblicit\u00e0 diretta, o salvaguardare i nostri interessi legali).<\/li>\n<\/ul>\n<p>La durata della conservazione \u00e8 determinata dalla durata del nostro rapporto commerciale, dal consenso da voi fornito e inoltre dagli obblighi di conservazione previsti dalla legge e dagli obblighi legali a noi applicabili.<\/p>\n<p>Potete richiedere gratuitamente in qualsiasi momento informazioni sui vostri dati personali da noi conservati. In qualit\u00e0 di soggetto interessato, avete anche il diritto di revoca, informazione, cancellazione, correzione, restrizione e trasferimento dei vostri dati personali, nella misura in cui ci\u00f2 non sia contrastato da alcun obbligo legale di conservazione da parte nostra. Se esercitate il diritto di revoca, tutti i vostri dati saranno irrevocabilmente cancellati, a meno che non vengano violate disposizioni di legge prevalenti.<\/p>\n<p>Per ulteriori informazioni sui vostri diritti in qualit\u00e0 di interessati, contattateci all&#8217;indirizzo <a href=\"mailto:info@bergchalets.com\">info@bergchalets.com<\/a><\/p>\n<p>Il &#8220;Garante per la protezione dei dati personali&#8221; \u00e8 l&#8217;autorit\u00e0 di controllo responsabile dei reclami: Piazza di Monte Citorio n. 121 00186 ROMA, Fax: (+39) 06.69677.3785, Telefono: (+39) 06.696771, E-mail: garante@gpdp.it.<\/p>\n<p><strong>Modifiche alla nostra informativa sulla privacy<\/strong><\/p>\n<p>Ci riserviamo il diritto di adeguare la presente dichiarazione sulla protezione dei dati in modo che sia sempre conforme ai requisiti legali vigenti o per attuare modifiche ai nostri servizi nella dichiarazione sulla protezione dei dati, ad esempio in occasione dell&#8217;introduzione di nuovi servizi. La nuova dichiarazione sulla protezione dei dati si applicher\u00e0 alla vostra prossima visita.<\/p>\n<p><strong>I cookie<\/strong><\/p>\n<p>Sul nostro sito web utilizziamo i cookie. Si tratta di piccoli file creati automaticamente dal vostro browser e memorizzati sul vostro dispositivo finale (laptop, tablet, smartphone o simili) quando visitate il nostro sito. I cookie non causano alcun danno al dispositivo finale e non contengono virus, trojan o altro malware. Nel cookie vengono memorizzate informazioni relative allo specifico dispositivo finale utilizzato. Tuttavia, ci\u00f2 non significa che veniamo a conoscenza direttamente della vostra identit\u00e0. L&#8217;uso dei cookie serve, da un lato, a rendere pi\u00f9 piacevole l&#8217;utilizzo della nostra offerta. Utilizziamo i cosiddetti cookie di sessione per riconoscere che avete gi\u00e0 visitato singole pagine del nostro sito web. Questi vengono automaticamente cancellati dopo che avete lasciato il nostro sito. Inoltre, per ottimizzare la facilit\u00e0 d&#8217;uso, utilizziamo anche cookie temporanei che vengono memorizzati sul vostro dispositivo finale per un determinato periodo di tempo. Se visitate nuovamente il nostro sito per utilizzare i nostri servizi, viene automaticamente riconosciuto che siete gi\u00e0 stati sul nostro sito e quali inserimenti e impostazioni avete effettuato, in modo che non dobbiate inserirli nuovamente. D&#8217;altra parte, utilizziamo i cookie per registrare statisticamente l&#8217;utilizzo del nostro sito web e per valutarlo al fine di ottimizzare la nostra offerta per voi (vedi punto 5). Questi cookie ci permettono di riconoscere automaticamente che siete gi\u00e0 stati sul nostro sito web quando lo visitate di nuovo. Questi cookie vengono cancellati automaticamente dopo un determinato periodo di tempo. I dati trattati dai cookie sono necessari per le finalit\u00e0 sopra indicate, per tutelare i nostri interessi legittimi e quelli di terzi ai sensi dell&#8217;art. 6 (1) p. 1 lit. f DSGVO. La maggior parte dei browser accetta automaticamente i cookie. Tuttavia, \u00e8 possibile configurare il browser in modo che non vengano memorizzati cookie sul computer o che venga sempre visualizzato un avviso prima della creazione di un nuovo cookie. Tuttavia, la disattivazione completa dei cookie pu\u00f2 comportare l&#8217;impossibilit\u00e0 di utilizzare tutte le funzioni del nostro sito web.<\/p>\n<p><a href=\"https:\/\/bergchalets.com\/it\/cookies\/\">Per saperne di pi\u00f9 &gt;<\/a><\/p>\n<p><strong>File di log<\/strong><br \/>\nCome la maggior parte dei siti web, raccogliamo e memorizziamo automaticamente alcune informazioni nei file di log. Queste informazioni comprendono gli indirizzi di protocollo Internet (indirizzi IP), il tipo di browser, il provider di servizi Internet (ISP), le pagine di riferimento\/uscita, il sistema operativo, la data\/ora e i dati clickstream.<br \/>\nQuesti dati, chiamati anche file di log, vengono memorizzati sui server di ALL-INKL.COM &#8211; Neue Medien M\u00fcnnich in Germania e vengono solitamente cancellati dopo alcuni giorni.Crittografia SSL<\/p>\n<p><strong>SSL<\/strong><br \/>\nPer proteggere la sicurezza dei vostri dati durante la trasmissione, utilizziamo procedure di crittografia all&#8217;avanguardia (ad es. SSL) tramite HTTPS.<\/p>\n<p><strong>Modulo di contatto<\/strong><\/p>\n<p>Se ci contattate tramite e-mail o modulo di contatto per domande di qualsiasi tipo, ci date il vostro consenso volontario allo scopo di contattarvi. A tal fine \u00e8 necessario fornire un indirizzo e-mail valido. Questo viene utilizzato per l&#8217;assegnazione della richiesta e la successiva risposta. Il conferimento di ulteriori dati \u00e8 facoltativo. Le informazioni fornite saranno conservate per l&#8217;elaborazione della richiesta e per eventuali domande successive. I dati personali saranno cancellati automaticamente dopo l&#8217;evasione della richiesta.<\/p>\n<h3>Utilizzo di servizi esterni<\/h3>\n<p><strong>Questo sito web utilizza i seguenti servizi di tracciamento esterni:<\/strong><\/p>\n<p><a href=\"https:\/\/support.google.com\/analytics\/answer\/2790010?hl=de\"><strong>Tracciamento universale di Google Analytics<\/strong><\/a><\/p>\n<p><strong>UTILIZZO DI GOOGLE ANALYTICS<\/strong><br \/>\nQuesto sito web utilizza Google Analytics, un servizio di analisi web fornito da Google, Inc (&#8220;Google&#8221;). Google Analytics utilizza dei &#8220;cookie&#8221;, file di testo che vengono depositati sul vostro computer per consentire al sito web di analizzare come gli utenti utilizzano il sito. Le informazioni generate dal cookie sull&#8217;utilizzo di questo sito web da parte dell&#8217;utente vengono solitamente trasmesse a un server di Google negli Stati Uniti e l\u00ec memorizzate. Tuttavia, attivando l&#8217;anonimizzazione dell&#8217;IP su questo sito web, il vostro indirizzo IP verr\u00e0 preventivamente troncato da Google all&#8217;interno degli Stati membri dell&#8217;Unione europea o in altri Stati contraenti dell&#8217;Accordo sullo Spazio economico europeo. Solo in casi eccezionali l&#8217;indirizzo IP completo verr\u00e0 trasmesso a un server di Google negli USA e l\u00ec abbreviato.<br \/>\nSu incarico del gestore di questo sito web, Google utilizzer\u00e0 queste informazioni per valutare l&#8217;utilizzo del sito web da parte dell&#8217;utente, per redigere rapporti sulle attivit\u00e0 del sito web e per fornire al gestore del sito web altri servizi relativi alle attivit\u00e0 del sito web e all&#8217;utilizzo di Internet. L&#8217;indirizzo IP trasmesso dal vostro browser nell&#8217;ambito di Google Analytics non verr\u00e0 unito ad altri dati di Google.<\/p>\n<p>Potete rifiutare l&#8217;uso dei cookie selezionando l&#8217;impostazione appropriata sul vostro browser. Si prega di notare che in questo caso potrebbe non essere possibile utilizzare tutte le funzioni di questo sito web.<\/p>\n<p>Potete impedire la raccolta dei dati relativi al vostro utilizzo di questo sito web (compreso il vostro indirizzo IP) e l&#8217;elaborazione di questi dati da parte di Google scaricando e installando il plugin del browser disponibile al seguente link <a href=\"https:\/\/tools.google.com\/dlpage\/gaoptout?hl=de.\">https:\/\/tools.google.com\/dlpage\/gaoptout?hl=de.<\/a><\/p>\n<p>\u00c8 inoltre possibile impedire la raccolta dei dati da parte di Google Analytics cliccando sul seguente link. Verr\u00e0 impostato un cookie di opt-out che impedir\u00e0 la futura raccolta dei vostri dati quando visitate questo sito web: Disattivazione di Google Analytics.<\/p>\n<p>Ulteriori informazioni sulle condizioni di utilizzo e sulla protezione dei dati di Google Analytics sono disponibili all&#8217;indirizzo: <a href=\"https:\/\/www.google.com\/analytics\/terms\/de.html\">https:\/\/www.google.com\/analytics\/terms\/de.html<\/a> e <a href=\"https:\/\/support.google.com\/analytics\/answer\/6004245?hl=de\">https:\/\/support.google.com\/analytics\/answer\/6004245?hl=de<\/a>.<\/p>\n<p>Questo sito web utilizza Google Analytics tramite mascheramento dell&#8217;IP per garantire una raccolta anonima degli indirizzi IP.<br \/>\nSi noti che utilizziamo ancora Google Analytics per analizzare i dati di AdWords e il cookie del doppio clic a fini statistici. Se non si desidera che ci\u00f2 avvenga, \u00e8 possibile disattivarlo tramite il Gestore preferenze annunci all&#8217;indirizzo <a href=\"https:\/\/adssettings.google.com\/?hl=de\">https:\/\/adssettings.google.com\/?hl=de<\/a>.<\/p>\n<p><strong>Utilizzo di librerie di script (Google Web Fonts)<\/strong><br \/>\nPer visualizzare i nostri contenuti in modo corretto e graficamente accattivante su tutti i browser, su questo sito web utilizziamo librerie di script e librerie di caratteri come Google Webfonts (<a href=\"https:\/\/www.google.com\/webfonts\/\">https:\/\/www.google.com\/webfonts\/<\/a>). I Google Web Fonts vengono trasferiti nella cache del browser per evitare caricamenti multipli. Se il browser non supporta Google Web Fonts o ne impedisce l&#8217;accesso, il contenuto viene visualizzato con un font standard.<br \/>\nIl richiamo di librerie di script o di font attiva automaticamente una connessione con il gestore della libreria. \u00c8 teoricamente possibile &#8211; anche se attualmente non \u00e8 chiaro se e per quali scopi &#8211; che i gestori di tali librerie raccolgano dati.<br \/>\nL&#8217;informativa sulla privacy del gestore della libreria Google \u00e8 disponibile qui: <a href=\"https:\/\/www.google.com\/policies\/privacy\/\">https:\/\/www.google.com\/policies\/privacy\/<\/a>.<\/p>\n<p><strong>Utilizzo di Google Maps<\/strong><br \/>\nQuesto sito web utilizza l&#8217;API di Google Maps per visualizzare le informazioni geografiche. Quando utilizza Google Maps, Google raccoglie, elabora e utilizza anche i dati relativi all&#8217;utilizzo delle funzioni delle mappe da parte dei visitatori. Per ulteriori informazioni sull&#8217;elaborazione dei dati da parte di Google, consultare l&#8217;informativa sulla privacy di Google. \u00c8 inoltre possibile modificare le impostazioni personali sulla privacy nel Centro privacy.<br \/>\nIstruzioni dettagliate sulla gestione dei propri dati in relazione ai prodotti Google sono <a href=\"https:\/\/support.google.com\/accounts\/answer\/3024190\">disponibili qui.<\/a>[\/vc_column_text][\/vc_column][\/vc_row]\n","protected":false},"excerpt":{"rendered":"<p>[vc_row type=&#8221;in_container&#8221; full_screen_row_position=&#8221;middle&#8221; column_margin=&#8221;default&#8221; column_direction=&#8221;default&#8221; column_direction_tablet=&#8221;default&#8221; column_direction_phone=&#8221;default&#8221; scene_position=&#8221;center&#8221; top_padding=&#8221;3%&#8221; bottom_padding=&#8221;3%&#8221; text_color=&#8221;dark&#8221; text_align=&#8221;left&#8221; row_border_radius=&#8221;none&#8221; row_border_radius_applies=&#8221;bg&#8221; overflow=&#8221;visible&#8221; overlay_strength=&#8221;0.3&#8243; gradient_direction=&#8221;left_to_right&#8221; shape_divider_position=&#8221;bottom&#8221; bg_image_animation=&#8221;none&#8221; gradient_type=&#8221;default&#8221; shape_type=&#8221;&#8221;][vc_column column_padding=&#8221;no-extra-padding&#8221; column_padding_tablet=&#8221;inherit&#8221; column_padding_phone=&#8221;inherit&#8221; column_padding_position=&#8221;all&#8221; column_element_direction_desktop=&#8221;default&#8221; column_element_spacing=&#8221;default&#8221; desktop_text_alignment=&#8221;default&#8221; tablet_text_alignment=&#8221;default&#8221; phone_text_alignment=&#8221;default&#8221;&#8230;<\/p>\n","protected":false},"author":1,"featured_media":0,"parent":0,"menu_order":100,"comment_status":"closed","ping_status":"closed","template":"","meta":{"footnotes":""},"class_list":["post-2324","page","type-page","status-publish"],"yoast_head":"<!-- This site is optimized with the Yoast SEO plugin v26.9 - https:\/\/yoast.com\/product\/yoast-seo-wordpress\/ -->\n<title>Privacy | Unterweger Bergchalets<\/title>\n<meta name=\"robots\" content=\"index, follow, max-snippet:-1, max-image-preview:large, max-video-preview:-1\" \/>\n<link rel=\"canonical\" href=\"https:\/\/bergchalets.com\/it\/privacy\/\" \/>\n<meta property=\"og:locale\" content=\"it_IT\" \/>\n<meta property=\"og:type\" content=\"article\" \/>\n<meta property=\"og:title\" content=\"Privacy | Unterweger Bergchalets\" \/>\n<meta property=\"og:description\" content=\"[vc_row type=&#8221;in_container&#8221; full_screen_row_position=&#8221;middle&#8221; column_margin=&#8221;default&#8221; column_direction=&#8221;default&#8221; column_direction_tablet=&#8221;default&#8221; column_direction_phone=&#8221;default&#8221; scene_position=&#8221;center&#8221; top_padding=&#8221;3%&#8221; bottom_padding=&#8221;3%&#8221; text_color=&#8221;dark&#8221; text_align=&#8221;left&#8221; row_border_radius=&#8221;none&#8221; row_border_radius_applies=&#8221;bg&#8221; overflow=&#8221;visible&#8221; overlay_strength=&#8221;0.3&#8243; gradient_direction=&#8221;left_to_right&#8221; shape_divider_position=&#8221;bottom&#8221; bg_image_animation=&#8221;none&#8221; gradient_type=&#8221;default&#8221; shape_type=&#8221;&#8221;][vc_column column_padding=&#8221;no-extra-padding&#8221; column_padding_tablet=&#8221;inherit&#8221; column_padding_phone=&#8221;inherit&#8221; column_padding_position=&#8221;all&#8221; column_element_direction_desktop=&#8221;default&#8221; column_element_spacing=&#8221;default&#8221; desktop_text_alignment=&#8221;default&#8221; tablet_text_alignment=&#8221;default&#8221; phone_text_alignment=&#8221;default&#8221;...\" \/>\n<meta property=\"og:url\" content=\"https:\/\/bergchalets.com\/it\/privacy\/\" \/>\n<meta property=\"og:site_name\" content=\"Unterweger Bergchalets\" \/>\n<meta property=\"article:publisher\" content=\"https:\/\/www.facebook.com\/bergchaletunterweger\" \/>\n<meta property=\"article:modified_time\" content=\"2023-10-19T07:21:00+00:00\" \/>\n<meta property=\"og:image\" content=\"https:\/\/bergchalets.com\/wordpress\/wp-content\/uploads\/2023\/02\/Berglodge-Enzian-03.jpg\" \/>\n\t<meta property=\"og:image:width\" content=\"1920\" \/>\n\t<meta property=\"og:image:height\" content=\"1280\" \/>\n\t<meta property=\"og:image:type\" content=\"image\/jpeg\" \/>\n<meta name=\"twitter:card\" content=\"summary_large_image\" \/>\n<meta name=\"twitter:label1\" content=\"Est. reading time\" \/>\n\t<meta name=\"twitter:data1\" content=\"9 minutes\" \/>\n<script type=\"application\/ld+json\" class=\"yoast-schema-graph\">{\"@context\":\"https:\/\/schema.org\",\"@graph\":[{\"@type\":\"WebPage\",\"@id\":\"https:\/\/bergchalets.com\/it\/privacy\/\",\"url\":\"https:\/\/bergchalets.com\/it\/privacy\/\",\"name\":\"Privacy | Unterweger Bergchalets\",\"isPartOf\":{\"@id\":\"https:\/\/bergchalets.com\/#website\"},\"datePublished\":\"2021-01-21T07:09:25+00:00\",\"dateModified\":\"2023-10-19T07:21:00+00:00\",\"breadcrumb\":{\"@id\":\"https:\/\/bergchalets.com\/it\/privacy\/#breadcrumb\"},\"inLanguage\":\"it-IT\",\"potentialAction\":[{\"@type\":\"ReadAction\",\"target\":[\"https:\/\/bergchalets.com\/it\/privacy\/\"]}]},{\"@type\":\"BreadcrumbList\",\"@id\":\"https:\/\/bergchalets.com\/it\/privacy\/#breadcrumb\",\"itemListElement\":[{\"@type\":\"ListItem\",\"position\":1,\"name\":\"Startseite\",\"item\":\"https:\/\/bergchalets.com\/it\/\"},{\"@type\":\"ListItem\",\"position\":2,\"name\":\"Privacy\"}]},{\"@type\":\"WebSite\",\"@id\":\"https:\/\/bergchalets.com\/#website\",\"url\":\"https:\/\/bergchalets.com\/\",\"name\":\"Unterweger Bergchalets\",\"description\":\"Gem\u00fctlich und luxuri\u00f6s. Urlaub im Passeiertal.\",\"publisher\":{\"@id\":\"https:\/\/bergchalets.com\/#organization\"},\"potentialAction\":[{\"@type\":\"SearchAction\",\"target\":{\"@type\":\"EntryPoint\",\"urlTemplate\":\"https:\/\/bergchalets.com\/?s={search_term_string}\"},\"query-input\":{\"@type\":\"PropertyValueSpecification\",\"valueRequired\":true,\"valueName\":\"search_term_string\"}}],\"inLanguage\":\"it-IT\"},{\"@type\":\"Organization\",\"@id\":\"https:\/\/bergchalets.com\/#organization\",\"name\":\"Unterweger Bergchalets\",\"url\":\"https:\/\/bergchalets.com\/\",\"logo\":{\"@type\":\"ImageObject\",\"inLanguage\":\"it-IT\",\"@id\":\"https:\/\/bergchalets.com\/#\/schema\/logo\/image\/\",\"url\":\"https:\/\/bergchalets.com\/wordpress\/wp-content\/uploads\/2021\/08\/Bergchalet-Unterweger-Logo-2x.png\",\"contentUrl\":\"https:\/\/bergchalets.com\/wordpress\/wp-content\/uploads\/2021\/08\/Bergchalet-Unterweger-Logo-2x.png\",\"width\":800,\"height\":570,\"caption\":\"Unterweger Bergchalets\"},\"image\":{\"@id\":\"https:\/\/bergchalets.com\/#\/schema\/logo\/image\/\"},\"sameAs\":[\"https:\/\/www.facebook.com\/bergchaletunterweger\"]}]}<\/script>\n<!-- \/ Yoast SEO plugin. -->","yoast_head_json":{"title":"Privacy | Unterweger Bergchalets","robots":{"index":"index","follow":"follow","max-snippet":"max-snippet:-1","max-image-preview":"max-image-preview:large","max-video-preview":"max-video-preview:-1"},"canonical":"https:\/\/bergchalets.com\/it\/privacy\/","og_locale":"it_IT","og_type":"article","og_title":"Privacy | Unterweger Bergchalets","og_description":"[vc_row type=&#8221;in_container&#8221; full_screen_row_position=&#8221;middle&#8221; column_margin=&#8221;default&#8221; column_direction=&#8221;default&#8221; column_direction_tablet=&#8221;default&#8221; column_direction_phone=&#8221;default&#8221; scene_position=&#8221;center&#8221; top_padding=&#8221;3%&#8221; bottom_padding=&#8221;3%&#8221; text_color=&#8221;dark&#8221; text_align=&#8221;left&#8221; row_border_radius=&#8221;none&#8221; row_border_radius_applies=&#8221;bg&#8221; overflow=&#8221;visible&#8221; overlay_strength=&#8221;0.3&#8243; gradient_direction=&#8221;left_to_right&#8221; shape_divider_position=&#8221;bottom&#8221; bg_image_animation=&#8221;none&#8221; gradient_type=&#8221;default&#8221; shape_type=&#8221;&#8221;][vc_column column_padding=&#8221;no-extra-padding&#8221; column_padding_tablet=&#8221;inherit&#8221; column_padding_phone=&#8221;inherit&#8221; column_padding_position=&#8221;all&#8221; column_element_direction_desktop=&#8221;default&#8221; column_element_spacing=&#8221;default&#8221; desktop_text_alignment=&#8221;default&#8221; tablet_text_alignment=&#8221;default&#8221; phone_text_alignment=&#8221;default&#8221;...","og_url":"https:\/\/bergchalets.com\/it\/privacy\/","og_site_name":"Unterweger Bergchalets","article_publisher":"https:\/\/www.facebook.com\/bergchaletunterweger","article_modified_time":"2023-10-19T07:21:00+00:00","og_image":[{"width":1920,"height":1280,"url":"https:\/\/bergchalets.com\/wordpress\/wp-content\/uploads\/2023\/02\/Berglodge-Enzian-03.jpg","type":"image\/jpeg"}],"twitter_card":"summary_large_image","twitter_misc":{"Est. reading time":"9 minutes"},"schema":{"@context":"https:\/\/schema.org","@graph":[{"@type":"WebPage","@id":"https:\/\/bergchalets.com\/it\/privacy\/","url":"https:\/\/bergchalets.com\/it\/privacy\/","name":"Privacy | Unterweger Bergchalets","isPartOf":{"@id":"https:\/\/bergchalets.com\/#website"},"datePublished":"2021-01-21T07:09:25+00:00","dateModified":"2023-10-19T07:21:00+00:00","breadcrumb":{"@id":"https:\/\/bergchalets.com\/it\/privacy\/#breadcrumb"},"inLanguage":"it-IT","potentialAction":[{"@type":"ReadAction","target":["https:\/\/bergchalets.com\/it\/privacy\/"]}]},{"@type":"BreadcrumbList","@id":"https:\/\/bergchalets.com\/it\/privacy\/#breadcrumb","itemListElement":[{"@type":"ListItem","position":1,"name":"Startseite","item":"https:\/\/bergchalets.com\/it\/"},{"@type":"ListItem","position":2,"name":"Privacy"}]},{"@type":"WebSite","@id":"https:\/\/bergchalets.com\/#website","url":"https:\/\/bergchalets.com\/","name":"Unterweger Bergchalets","description":"Gem\u00fctlich und luxuri\u00f6s. Urlaub im Passeiertal.","publisher":{"@id":"https:\/\/bergchalets.com\/#organization"},"potentialAction":[{"@type":"SearchAction","target":{"@type":"EntryPoint","urlTemplate":"https:\/\/bergchalets.com\/?s={search_term_string}"},"query-input":{"@type":"PropertyValueSpecification","valueRequired":true,"valueName":"search_term_string"}}],"inLanguage":"it-IT"},{"@type":"Organization","@id":"https:\/\/bergchalets.com\/#organization","name":"Unterweger Bergchalets","url":"https:\/\/bergchalets.com\/","logo":{"@type":"ImageObject","inLanguage":"it-IT","@id":"https:\/\/bergchalets.com\/#\/schema\/logo\/image\/","url":"https:\/\/bergchalets.com\/wordpress\/wp-content\/uploads\/2021\/08\/Bergchalet-Unterweger-Logo-2x.png","contentUrl":"https:\/\/bergchalets.com\/wordpress\/wp-content\/uploads\/2021\/08\/Bergchalet-Unterweger-Logo-2x.png","width":800,"height":570,"caption":"Unterweger Bergchalets"},"image":{"@id":"https:\/\/bergchalets.com\/#\/schema\/logo\/image\/"},"sameAs":["https:\/\/www.facebook.com\/bergchaletunterweger"]}]}},"_links":{"self":[{"href":"https:\/\/bergchalets.com\/it\/wp-json\/wp\/v2\/pages\/2324","targetHints":{"allow":["GET"]}}],"collection":[{"href":"https:\/\/bergchalets.com\/it\/wp-json\/wp\/v2\/pages"}],"about":[{"href":"https:\/\/bergchalets.com\/it\/wp-json\/wp\/v2\/types\/page"}],"author":[{"embeddable":true,"href":"https:\/\/bergchalets.com\/it\/wp-json\/wp\/v2\/users\/1"}],"replies":[{"embeddable":true,"href":"https:\/\/bergchalets.com\/it\/wp-json\/wp\/v2\/comments?post=2324"}],"version-history":[{"count":0,"href":"https:\/\/bergchalets.com\/it\/wp-json\/wp\/v2\/pages\/2324\/revisions"}],"wp:attachment":[{"href":"https:\/\/bergchalets.com\/it\/wp-json\/wp\/v2\/media?parent=2324"}],"curies":[{"name":"wp","href":"https:\/\/api.w.org\/{rel}","templated":true}]}}